{"id":12227,"date":"2021-09-13T08:07:33","date_gmt":"2021-09-13T08:07:33","guid":{"rendered":"https:\/\/sr-management.bg\/who-is-it-suitable-for\/"},"modified":"2022-07-08T12:51:56","modified_gmt":"2022-07-08T12:51:56","slug":"who-is-it-suitable-for","status":"publish","type":"page","link":"https:\/\/sr-management.bg\/es\/who-is-it-suitable-for\/","title":{"rendered":"Para qui\u00e9n es adecuado?"},"content":{"rendered":"<div class=\"wpb-content-wrapper\"><p>[vc_row full_width=&#8221;stretch_row&#8221; css=&#8221;.vc_custom_1632900898912{margin-bottom: 0px !important;background-color: #f1f2f4 !important;}&#8221;][vc_column][vc_custom_heading text=&#8221;La constituci\u00f3n de una empresa en Bulgaria es adecuada para diferentes modelos de negocio que operan en distintas \u00e1reas y que buscan una reducci\u00f3n de costos y nuevas oportunidades en el mercado internacional&#8221; font_container=&#8221;tag:p|font_size:20|text_align:center|line_height:28px&#8221; use_theme_fonts=&#8221;yes&#8221; css=&#8221;.vc_custom_1657284637471{padding-bottom: 22px !important;}&#8221;][\/vc_column][\/vc_row][vc_row full_width=&#8221;stretch_row_content&#8221; equal_height=&#8221;yes&#8221; content_placement=&#8221;middle&#8221; css=&#8221;.vc_custom_1538132322303{margin-top: 0px !important;margin-bottom: 0px !important;padding-top: 0px !important;padding-bottom: 0px !important;}&#8221;][vc_column css=&#8221;.vc_custom_1632902939357{padding-top: 140px !important;padding-bottom: 140px !important;background-image: url(https:\/\/sr-management.bg\/wp-content\/uploads\/2021\/09\/for.png?id=2188) !important;background-position: center !important;background-repeat: no-repeat !important;background-size: cover !important;}&#8221; offset=&#8221;vc_col-lg-6 vc_col-md-12 vc_col-xs-12&#8243;][\/vc_column][vc_column css=&#8221;.vc_custom_1632902953221{margin-top: 0px !important;margin-bottom: 0px !important;padding-top: 40px !important;padding-right: 41px !important;padding-bottom: 30px !important;padding-left: 41px !important;}&#8221; offset=&#8221;vc_col-lg-6 vc_col-md-12 vc_col-xs-12&#8243;]<div class=\"gem-list gem-list-type-check-style-2 gem-list-color-8\" ><ul>\n<li>Las empresas que aspiran al escenario internacional buscar\u00edan oportunidades para trabajar en un entorno europeo con tasas fiscales favorables.<\/li>\n<li>Las empresas que cuentan con grandes operaciones internacionales desean reducir sus costos de licitaci\u00f3n y sus gastos operativos<\/li>\n<li>Las empresas interesadas en trabajar con clientes y centros de soporte t\u00e9cnico van a buscar un pa\u00eds que ofrezca bajos costos de exploraci\u00f3n.<\/li>\n<li>\u00a0Las empresas que quieren trasladar\/expandir su producci\u00f3n en un pa\u00eds con mano de obra cualificada y barata buscar\u00e1n un pa\u00eds con bajo costo de arrendamiento de oficinas o de compras, servicios p\u00fablicos, transporte y fiscalidad.<\/li>\n<li>Las empresas que quieren expandir su actividad hacia un nuevo mercado que no est\u00e9 saturado con sus competidores buscar\u00e1n un pa\u00eds que todav\u00eda pueda ofrecer un retorno de inversi\u00f3n relativamente alto en comparaci\u00f3n con otros pa\u00edses.<\/li>\n<\/ul>\n<\/div>[\/vc_column][\/vc_row][vc_row full_width=&#8221;stretch_row&#8221; css=&#8221;.vc_custom_1632901843469{margin-bottom: 0px !important;padding-bottom: 0px !important;background-color: #f1f2f4 !important;}&#8221;][vc_column][vc_custom_heading text=&#8221;Type of business that can legally benefit from a Bulgarian company&#8221; font_container=&#8221;tag:h3|font_size:20px|text_align:center|line_height:28px&#8221; use_theme_fonts=&#8221;yes&#8221;][\/vc_column][\/vc_row][vc_row full_width=&#8221;stretch_row_content&#8221; equal_height=&#8221;yes&#8221; content_placement=&#8221;middle&#8221; css=&#8221;.vc_custom_1632859905961{margin-bottom: 0px !important;padding-top: 0px !important;}&#8221;][vc_column disable_custom_paddings_mobile=&#8221;true&#8221; css=&#8221;.vc_custom_1632862298721{padding-top: 40px !important;padding-right: 50px !important;padding-bottom: 30px !important;padding-left: 55px !important;background-color: #282d3c !important;}&#8221; offset=&#8221;vc_col-lg-4 vc_col-md-4 vc_col-xs-12&#8243;]<div class=\"gem-list gem-list-type-check-style-2 gem-list-color-8\" ><ul style=\"color: #ffffff;\">\n<li>Trade ( in Bulgaria, in the EU and with third part counties )<\/li>\n<li>Call Center<\/li>\n<li>Outsourcing (IT, accounting)<\/li>\n<li>E-Commerce<\/li>\n<li>Factories and Assembling<\/li>\n<\/ul>\n<\/div>[\/vc_column][vc_column disable_custom_paddings_mobile=&#8221;true&#8221; css=&#8221;.vc_custom_1632862307484{padding-top: 40px !important;padding-right: 50px !important;padding-bottom: 30px !important;padding-left: 55px !important;background-color: #4e566c !important;}&#8221; offset=&#8221;vc_col-lg-4 vc_col-md-4 vc_col-xs-12&#8243;]<div class=\"gem-list gem-list-type-check-style-2 gem-list-color-8\" ><ul style=\"color: #ffffff;\">\n<li>Logistic (warehouse, transport)<\/li>\n<li>International Trade<\/li>\n<li>Digital Marketing Services<\/li>\n<li>Consulting Services<\/li>\n<\/ul>\n<\/div>[\/vc_column][vc_column disable_custom_paddings_mobile=&#8221;true&#8221; css=&#8221;.vc_custom_1632862315868{padding-top: 40px !important;padding-right: 50px !important;padding-bottom: 30px !important;padding-left: 55px !important;background-color: #a88555 !important;}&#8221; offset=&#8221;vc_col-lg-4 vc_col-md-4 vc_col-xs-12&#8243;]<div class=\"gem-list gem-list-type-check-style-2 gem-list-color-8\" ><ul style=\"color: #ffffff;\">\n<li>Agriculture Investment<\/li>\n<li>Long Term Car Rental (the car can be rented everywhere In Europe)<\/li>\n<li>Cargo Services<\/li>\n<li>Yacht and Boat Rent<\/li>\n<\/ul>\n<\/div>[\/vc_column][\/vc_row][vc_row full_width=&#8221;stretch_row&#8221; css=&#8221;.vc_custom_1632902315421{margin-bottom: 0px !important;padding-top: 6px !important;background-color: #f1f2f4 !important;background-position: center !important;background-repeat: no-repeat !important;background-size: cover !important;}&#8221; custom_css_code=&#8221;LmdlbS1idXR0b24tc2l6ZS1tZWRpdW0lMkMlMjBpbnB1dC5nZW0tYnV0dG9uLXNpemUtbWVkaXVtJTIwJTdCJTBBJTIwJTIwJTIwJTIwJTBBJTIwJTIwJTIwJTIwbWFyZ2luJTNBJTIwMHB4JTNCJTBBJTIwJTIwJTIwJTIwJTIwJTIwJTIwJTIwbWFyZ2luLXJpZ2h0JTNBJTIwMHB4JTNCJTBBJTIwJTIwJTIwJTIwJTIwJTIwJTIwJTIwbWFyZ2luLWxlZnQlM0ElMjAwcHglM0IlMEElN0QlMEElMEFoMiUyQyUyMC50aXRsZS1oMiUyMCU3QiUwQSUyMCUyMCUyMCUyMHRleHQtdHJhbnNmb3JtJTNBJTIwdXBwZXJjYXNlJTNCJTBBJTIwJTIwJTIwJTIwbWFyZ2luJTNBJTIwMCUzQiUwQSUyMCUyMCUyMCUyMCUyMCUyMCUwQSUyMCUyMCUyMCUwQSU3RCUwQSUwQQ==&#8221;][vc_column width=&#8221;3\/4&#8243; css=&#8221;.vc_custom_1632825725653{padding-top: 10px !important;}&#8221;][vc_custom_heading text=&#8221;To set up an appointment and get more details, please, contact us and we will get in touch with you in 24 hours.&#8221; font_container=&#8221;tag:h2|font_size:18|text_align:left|line_height:28px&#8221; use_theme_fonts=&#8221;yes&#8221; css=&#8221;.vc_custom_1657284466925{padding-bottom: 10px !important;}&#8221;][\/vc_column][vc_column width=&#8221;1\/4&#8243; css=&#8221;.vc_custom_1632825734832{padding-top: 10px !important;padding-bottom: 10px !important;}&#8221;]<div class=\"gem-button-container gem-button-position-left thegem-button-69e382a7e08989230\" ><a class=\"gem-button gem-button-size-medium gem-button-style-flat gem-button-text-weight-normal\" style=\"border-radius: 3px;background-color: #e5790d;color: #ffffff;\" onmouseleave=\"this.style.backgroundColor='#e5790d';this.style.color='#ffffff';\" onmouseenter=\"this.style.backgroundColor='#4e566c';this.style.color='#ffffff';\" href=\"https:\/\/sr-management.bg\/es\/contacts\/\" target=\"_self\">CONT\u00c1CTENOS<\/a><\/div> [\/vc_column][\/vc_row]<\/p>\n<\/div>","protected":false},"excerpt":{"rendered":"<p>[vc_row full_width=&#8221;stretch_row&#8221; css=&#8221;.vc_custom_1632900898912{margin-bottom: 0px !important;background-color: #f1f2f4 !important;}&#8221;][vc_column][vc_custom_heading text=&#8221;La constituci\u00f3n de una empresa en Bulgaria es adecuada para diferentes modelos de&#8230;<\/p>\n","protected":false},"author":1,"featured_media":0,"parent":0,"menu_order":0,"comment_status":"closed","ping_status":"closed","template":"","meta":{"content-type":"","footnotes":""},"class_list":["post-12227","page","type-page","status-publish"],"_links":{"self":[{"href":"https:\/\/sr-management.bg\/es\/wp-json\/wp\/v2\/pages\/12227","targetHints":{"allow":["GET"]}}],"collection":[{"href":"https:\/\/sr-management.bg\/es\/wp-json\/wp\/v2\/pages"}],"about":[{"href":"https:\/\/sr-management.bg\/es\/wp-json\/wp\/v2\/types\/page"}],"author":[{"embeddable":true,"href":"https:\/\/sr-management.bg\/es\/wp-json\/wp\/v2\/users\/1"}],"replies":[{"embeddable":true,"href":"https:\/\/sr-management.bg\/es\/wp-json\/wp\/v2\/comments?post=12227"}],"version-history":[{"count":4,"href":"https:\/\/sr-management.bg\/es\/wp-json\/wp\/v2\/pages\/12227\/revisions"}],"predecessor-version":[{"id":12232,"href":"https:\/\/sr-management.bg\/es\/wp-json\/wp\/v2\/pages\/12227\/revisions\/12232"}],"wp:attachment":[{"href":"https:\/\/sr-management.bg\/es\/wp-json\/wp\/v2\/media?parent=12227"}],"curies":[{"name":"wp","href":"https:\/\/api.w.org\/{rel}","templated":true}]}}