{"id":12173,"date":"2021-09-13T22:44:17","date_gmt":"2021-09-13T22:44:17","guid":{"rendered":"https:\/\/sr-management.bg\/why-bulgaria\/"},"modified":"2023-01-14T19:01:59","modified_gmt":"2023-01-14T19:01:59","slug":"why-bulgaria","status":"publish","type":"page","link":"https:\/\/sr-management.bg\/nl\/why-bulgaria\/","title":{"rendered":"Waarom Bulgarije"},"content":{"rendered":"<div class=\"wpb-content-wrapper\"><p>[vc_row full_width=&#8221;stretch_row&#8221; content_placement=&#8221;middle&#8221; css=&#8221;.vc_custom_1655071810324{margin-top: 0px !important;margin-bottom: 0px !important;padding-top: 20px !important;padding-bottom: 30px !important;background-color: #f1f2f4 !important;}&#8221;][vc_column offset=&#8221;vc_col-lg-6 vc_col-md-6 vc_col-xs-12&#8243;][vc_column_text css_animation=&#8221;bottom-to-top&#8221; css=&#8221;.vc_custom_1657135382506{margin-top: 0px !important;margin-bottom: 0px !important;padding-top: 0px !important;padding-bottom: 0px !important;}&#8221;]<\/p>\n<div class=\"title-h4\"><span class=\"light\">Waarom een bedrijf starten in Bulgarije?<\/span><\/div>\n<p>[\/vc_column_text]<div class=\"clearboth\"><\/div><div class=\"gem-divider \" style=\"margin-top: 20px;\"><\/div>[vc_column_text css_animation=&#8221;bottom-to-top&#8221;]Bulgarije wint snel aan populariteit onder ondernemers en startups. De afwezigheid van beperkingen op buitenlands eigendom, de lage economische kosten en natuurlijk de concurrerende belastingtarieven hebben het tot een aantrekkelijke locatie gemaakt voor mensen die op zoek zijn naar een EU-basis om hun bedrijf te starten.<\/p>\n<p>Het registreren van een bedrijf duurt slechts ongeveer 10 dagen of minder, en onze Bulgaarse experts op het gebied van bedrijfsoprichting staan \u200b\u200bvoor u klaar om u te helpen bij elke stap van het bedrijfsoprichtings- en registratieproces.[\/vc_column_text][\/vc_column][vc_column disable_custom_paddings_tablet=&#8221;true&#8221; disable_custom_paddings_mobile=&#8221;true&#8221; css=&#8221;.vc_custom_1540472881684{margin-left: 0px !important;padding-left: 0px !important;}&#8221; offset=&#8221;vc_col-lg-6 vc_col-md-6 vc_col-xs-12&#8243;]<div class=\"centered-box gem-image-centered-box\"><div class=\"gem-image gem-wrapbox gem-wrapbox-style-3 gem-wrapbox-position-centered\"  style=\"width: 0px;height: 0px;\"><div class=\"gem-wrapbox-inner \" ><img decoding=\"async\" class=\"gem-wrapbox-element img-responsive\" src=\"https:\/\/sr-management.bg\/wp-content\/uploads\/2022\/06\/Bulgaria-3.jpg\" alt=\"\"\/><\/div><\/div><\/div>[\/vc_column][\/vc_row][vc_row full_width=&#8221;stretch_row_content&#8221; equal_height=&#8221;yes&#8221; content_placement=&#8221;middle&#8221; css=&#8221;.vc_custom_1538132322303{margin-top: 0px !important;margin-bottom: 0px !important;padding-top: 0px !important;padding-bottom: 0px !important;}&#8221;][vc_column css=&#8221;.vc_custom_1631658287607{padding-top: 200px !important;padding-bottom: 200px !important;background-image: url(https:\/\/sr-management.bg\/wp-content\/uploads\/2021\/09\/bulgaria-3.jpg?id=1649) !important;background-position: center !important;background-repeat: no-repeat !important;background-size: cover !important;}&#8221; offset=&#8221;vc_col-lg-6 vc_col-md-12 vc_hidden-sm vc_col-xs-12 vc_hidden-xs&#8221;][\/vc_column][vc_column css=&#8221;.vc_custom_1631654527888{margin-top: 0px !important;margin-bottom: 0px !important;padding-top: 50px !important;padding-right: 41px !important;padding-bottom: 30px !important;padding-left: 41px !important;}&#8221; offset=&#8221;vc_col-lg-6 vc_col-md-12 vc_col-xs-12&#8243;][vc_column_text css_animation=&#8221;bottom-to-top&#8221; css=&#8221;.vc_custom_1657135435994{margin-top: 0px !important;margin-bottom: 0px !important;padding-top: 0px !important;padding-bottom: 0px !important;}&#8221;]<\/p>\n<div class=\"title-h4\"><span class=\"light\">Maar waarom zou je een Bulgaars bedrijf beginnen?<\/span><\/div>\n<p>[\/vc_column_text][vc_custom_heading text=&#8221;De echte vraag is: waarom niet Bulgarije?&#8221; font_container=&#8221;tag:h2|font_size:22|text_align:left|line_height:32px&#8221; use_theme_fonts=&#8221;yes&#8221; css_animation=&#8221;fadeInDown&#8221; css=&#8221;.vc_custom_1657135455382{margin-top: 0px !important;}&#8221;][vc_row_inner][vc_column_inner width=&#8221;1\/3&#8243;][vc_column_text]<strong>Belastingvoordelen: <\/strong>[\/vc_column_text]<div class=\"gem-list gem-list-type-arrow gem-list-color-8\" ><ul>\n<li>De vennootschapsbelasting in Bulgarije is slechts 10% en staat vast.<\/li>\n<li>De dividendbelasting is slechts 5% (voor particulieren).<\/li>\n<li>Roerende voorheffing in het geval van facturen aan entiteiten die geen ingezetenen van Bulgarije zijn (geldig in specifieke gevallen).<\/li>\n<li>BTW van 20% (behalve toerisme).<\/li>\n<li>Belastingverdragen met veel landen.<\/li>\n<\/ul>\n<\/div>[\/vc_column_inner][vc_column_inner width=&#8221;1\/3&#8243;][vc_column_text]<strong>Landspecifieke voordelen: <\/strong>[\/vc_column_text]<div class=\"gem-list gem-list-type-arrow gem-list-color-8\" ><ul>\n<li>Ongeveer 10 dagen voor bedrijfsregistratie.<\/li>\n<li>Lage kosten en belastingen voor werknemers.<\/li>\n<li>Een gekwalificeerd, betaalbaar en meertalig personeelsbestand.<\/li>\n<li>Bulgaarse valuta (LEV) met een vaste wisselkoers naar EUR als voorbereiding van het toetreden tot de eurozone in 2024!<\/li>\n<li>Perfecte ligging (ZO Europa).<\/li>\n<\/ul>\n<\/div>[\/vc_column_inner][vc_column_inner width=&#8221;1\/3&#8243;][vc_column_text]<strong>Stabiliteits- en vrijheidsvoordelen: <\/strong>[\/vc_column_text]<div class=\"gem-list gem-list-type-arrow gem-list-color-8\" ><ul>\n<li>Een EU-land sinds 2007.<\/li>\n<li>Onbeperkte toegang tot de Europese markten.<\/li>\n<li>Economische vrijheid.<\/li>\n<li>Positieve economische trends.<\/li>\n<\/ul>\n<\/div>[\/vc_column_inner][\/vc_row_inner][\/vc_column][\/vc_row][vc_row full_width=&#8221;stretch_row&#8221; css=&#8221;.vc_custom_1632828719796{margin-bottom: 0px !important;padding-top: 6px !important;background-color: #4e566c !important;background-position: center !important;background-repeat: no-repeat !important;background-size: cover !important;}&#8221; custom_css_code=&#8221;LmdlbS1idXR0b24tc2l6ZS1tZWRpdW0lMkMlMjBpbnB1dC5nZW0tYnV0dG9uLXNpemUtbWVkaXVtJTIwJTdCJTBBJTIwJTIwJTIwJTIwJTBBJTIwJTIwJTIwJTIwbWFyZ2luJTNBJTIwMHB4JTNCJTBBJTIwJTIwJTIwJTIwJTIwJTIwJTIwJTIwbWFyZ2luLXJpZ2h0JTNBJTIwMHB4JTNCJTBBJTIwJTIwJTIwJTIwJTIwJTIwJTIwJTIwbWFyZ2luLWxlZnQlM0ElMjAwcHglM0IlMEElN0QlMEElMEFoMiUyQyUyMC50aXRsZS1oMiUyMCU3QiUwQSUyMCUyMCUyMCUyMHRleHQtdHJhbnNmb3JtJTNBJTIwdXBwZXJjYXNlJTNCJTBBJTIwJTIwJTIwJTIwbWFyZ2luJTNBJTIwMCUzQiUwQSUyMCUyMCUyMCUyMCUyMCUyMCUwQSUyMCUyMCUyMCUwQSU3RCUwQSUwQQ==&#8221;][vc_column css=&#8221;.vc_custom_1632825734832{padding-top: 10px !important;padding-bottom: 10px !important;}&#8221;][vc_custom_heading text=&#8221;Bulgarije, dat vaak wordt aangeprezen als de &#8216;Silicon Valley of Europe&#8217; als lid van de Europese Unie, is aantrekkelijk geworden voor zowel internationale bedrijven als voor kleine bedrijven die willen profiteren van de voordelen die voortvloeien uit het offici\u00eble lidmaatschap van de EU &#8211; of het nu gaat om economische, politieke, juridische, arbeidsrechtelijke of milieutechnische &#8211; terwijl ze profiteren van de competitieve elementen die Bulgarije heeft ten opzichte van andere lidstaten.&#8221; font_container=&#8221;tag:p|text_align:left|color:%23ffffff&#8221; use_theme_fonts=&#8221;yes&#8221; css=&#8221;.vc_custom_1657135677801{padding-bottom: 10px !important;}&#8221;][\/vc_column][\/vc_row][vc_row full_width=&#8221;stretch_row&#8221; css=&#8221;.vc_custom_1655070614758{margin-top: 0px !important;margin-bottom: 0px !important;padding-top: 8px !important;padding-bottom: 0px !important;background-color: #95774c !important;background-position: center !important;background-repeat: no-repeat !important;background-size: cover !important;}&#8221;][vc_column][vc_row_inner][vc_column_inner width=&#8221;1\/3&#8243;][vc_custom_heading text=&#8221;Er worden geen belastingen geheven over zowel import als export binnen de EU.&#8221; font_container=&#8221;tag:h4|font_size:14|text_align:left|color:%23ffffff|line_height:24px&#8221; use_theme_fonts=&#8221;yes&#8221;][vc_custom_heading text=&#8221;Een van de voordelen van het EU-lidmaatschap is de onbeperkte toegang tot Europese markten. Dit is belangrijk als u uw activiteiten in Bulgarije wilt starten zodat u net als elk ander bedrijf in Europa profiteert van vrije markten.&#8221; font_container=&#8221;tag:p|text_align:left|color:%23ffffff&#8221; use_theme_fonts=&#8221;yes&#8221;][\/vc_column_inner][vc_column_inner width=&#8221;1\/3&#8243;][vc_custom_heading text=&#8221;De gekwalificeerde en betaalbare arbeidskrachten.&#8221; font_container=&#8221;tag:h4|font_size:14|text_align:left|color:%23ffffff|line_height:24px&#8221; use_theme_fonts=&#8221;yes&#8221;][vc_custom_heading text=&#8221;Bulgarije is in feite een aanzienlijke kostenbesparing met toegang tot jonge en getalenteerde medewerkers. De lonen zijn betaalbaar en u kunt scherpere prijzen aanbieden in vergelijking met andere Europese landen. Het is ook mogelijk om geschoolde werknemers uit andere EU-landen over te plaatsen &#8211; nog een ander voordeel van de vrije EU-markt.&#8221; font_container=&#8221;tag:p|text_align:left|color:%23ffffff&#8221; use_theme_fonts=&#8221;yes&#8221;][\/vc_column_inner][vc_column_inner width=&#8221;1\/3&#8243;][vc_custom_heading text=&#8221;Duurzame economische groei.&#8221; font_container=&#8221;tag:h4|font_size:14|text_align:left|color:%23ffffff|line_height:24px&#8221; use_theme_fonts=&#8221;yes&#8221;][vc_custom_heading text=&#8221;De economische groei van het land aan de ene kant en de bereidheid van de regering om de toegang van buitenlandse investeerders tot Bulgarije aan de andere kant te bevorderen, maken het aantrekkelijk voor elk bedrijf dat zaken wil doen in Europa, waardoor u zich kunt ontwikkelen en doordringen tot de internationale zakenarena zodat uw geografische voetafdruk wordt vergroot.&#8221; font_container=&#8221;tag:p|text_align:left|color:%23ffffff&#8221; use_theme_fonts=&#8221;yes&#8221;][\/vc_column_inner][\/vc_row_inner][\/vc_column][\/vc_row][vc_row full_width=&#8221;stretch_row&#8221; css=&#8221;.vc_custom_1655068037548{margin-top: 0px !important;margin-bottom: 0px !important;padding-top: 20px !important;padding-bottom: 20px !important;background-image: url(https:\/\/sr-management.bg\/wp-content\/uploads\/2021\/09\/percent-1.jpg?id=1630) !important;background-position: center !important;background-repeat: no-repeat !important;background-size: cover !important;}&#8221;][vc_column][vc_custom_heading text=&#8221;Algemene informatie over Bulgarije en zijn economische ontwikkeling:&#8221; font_container=&#8221;tag:h2|font_size:22|text_align:center|line_height:32px&#8221; use_theme_fonts=&#8221;yes&#8221; css_animation=&#8221;fadeInDown&#8221;][vc_row_inner][vc_column_inner width=&#8221;1\/2&#8243;][vc_column_text]Bulgarije grenst aan Griekenland, Turkije, Roemeni\u00eb, Servi\u00eb en Noord-Macedoni\u00eb. Het land telt ongeveer 7 miljoen inwoners en is sinds 2007 lid van de Europese Unie. De lokale valuta wordt &#8220;lev&#8221; (vertaald als leeuw) (BGN) genoemd en is tegen een vaste koers aan de euro gekoppeld, 1.95583 lev\u2019s voor een euro.<\/p>\n<p><em>Er is een instroom van hoogwaardige professionals die in Bulgarije komen werken en bedrijven van over de hele wereld kiezen het land om hun bedrijf op te zetten.<\/em><\/p>\n<p>Bulgarije is ook een handig platform voor internationale activiteiten met een belangrijke toegangsroute naar heel Europa en veel mogelijkheden voor investeringen en samenwerking op verschillende bedrijfsterreinen.[\/vc_column_text][\/vc_column_inner][vc_column_inner width=&#8221;1\/2&#8243;][vc_column_text]<strong>De belastingen in \u0412ulgarije behoren tot de laagste in de EU, waardoor het een van de meest favoriete zaken voor het bedrijfsleven is. Het heeft een uitstekende reputatie vanwege het lage vaste tarief van 10% op zakelijke en persoonlijke inkomsten.<\/strong><\/p>\n<p>Terwijl de dividendbelasting slechts 5% is, biedt de overheid nog meer belastingvoordelen &#8211; vooral in gebieden met hoge werkloosheidscijfers en meer. Dit beleid cre\u00ebert is extra aantrekkelijk voor buitenlandse bedrijven die hun winst willen maximaliseren en willen groeien door een bedrijf op te richten in Bulgarije.[\/vc_column_text][\/vc_column_inner][\/vc_row_inner][\/vc_column][\/vc_row][vc_row full_width=&#8221;stretch_row_content&#8221; equal_height=&#8221;yes&#8221; content_placement=&#8221;middle&#8221; css=&#8221;.vc_custom_1538132322303{margin-top: 0px !important;margin-bottom: 0px !important;padding-top: 0px !important;padding-bottom: 0px !important;}&#8221;][vc_column css=&#8221;.vc_custom_1631654541824{margin-top: 0px !important;margin-bottom: 0px !important;padding-top: 50px !important;padding-right: 41px !important;padding-bottom: 30px !important;padding-left: 41px !important;}&#8221; offset=&#8221;vc_col-lg-6 vc_col-md-12 vc_col-xs-12&#8243;][vc_custom_heading text=&#8221;Een bedrijf opzetten in Bulgarije&#8221; font_container=&#8221;tag:h2|font_size:22|text_align:left|line_height:32px&#8221; use_theme_fonts=&#8221;yes&#8221; css_animation=&#8221;fadeInDown&#8221;][vc_column_text]De Bulgaarse overheid biedt betaalbare opstartkosten en socialezekerheidsbijdragen. Het btw-tarief van 0% binnen de EU is een ander mooi voordeel van het opzetten van een bedrijf in Bulgarije (terwijl het standaard btw-tarief 20% is).<\/p>\n<p>Maar met zoveel te overwegen &#8211; vanaf het type registratie, of het nu een naamloze vennootschap, commanditaire vennootschap of uw keuze voor een rechtspersoon is, tot aan een deelname als buitenlandse investeerder of zelfs het kiezen van de juiste boekhouddienst &#8211; waar moet u beginnen ?<\/p>\n<p>Gelukkig kan S.R. Management &amp; Consultancy u alles geven wat u nodig heeft om het opzetten van een bedrijf snel en gemakkelijk te maken.<\/p>\n<p>U heeft direct toegang tot een persoonlijke bedrijfsvertegenwoordiger die uw taal spreekt, ondersteund door een team van professionele belasting- en bedrijfsdeskundigen, bekend met alle fijne kneepjes van de lokale bureaucratie.[\/vc_column_text][\/vc_column][vc_column css=&#8221;.vc_custom_1631659917458{padding-top: 200px !important;padding-bottom: 200px !important;background-image: url(https:\/\/sr-management.bg\/wp-content\/uploads\/2021\/09\/bulgaria-4.jpg?id=1653) !important;background-position: center !important;background-repeat: no-repeat !important;background-size: cover !important;}&#8221; offset=&#8221;vc_col-lg-6 vc_col-md-12 vc_col-xs-12&#8243;][\/vc_column][\/vc_row][vc_row full_width=&#8221;stretch_row_content&#8221; equal_height=&#8221;yes&#8221; content_placement=&#8221;middle&#8221; css=&#8221;.vc_custom_1538132322303{margin-top: 0px !important;margin-bottom: 0px !important;padding-top: 0px !important;padding-bottom: 0px !important;}&#8221;][vc_column css=&#8221;.vc_custom_1655071576003{padding-top: 200px !important;padding-bottom: 200px !important;background-image: url(https:\/\/sr-management.bg\/wp-content\/uploads\/2022\/06\/Bulgaria-2.jpg?id=2550) !important;background-position: center !important;background-repeat: no-repeat !important;background-size: cover !important;}&#8221; offset=&#8221;vc_col-lg-6 vc_col-md-12 vc_hidden-sm vc_col-xs-12 vc_hidden-xs&#8221;][\/vc_column][vc_column css=&#8221;.vc_custom_1631654527888{margin-top: 0px !important;margin-bottom: 0px !important;padding-top: 50px !important;padding-right: 41px !important;padding-bottom: 30px !important;padding-left: 41px !important;}&#8221; offset=&#8221;vc_col-lg-6 vc_col-md-12 vc_col-xs-12&#8243;][vc_custom_heading text=&#8221;Ons team van professionals staat voor u klaar om u te helpen om:&#8221; font_container=&#8221;tag:h2|font_size:22|text_align:left|line_height:32px&#8221; use_theme_fonts=&#8221;yes&#8221; css_animation=&#8221;fadeInDown&#8221; css=&#8221;.vc_custom_1657135818066{margin-top: 0px !important;}&#8221;][vc_row_inner][vc_column_inner]<div class=\"gem-list gem-list-type-arrow gem-list-color-8\" ><ul>\n<li>Alle benodigde documenten voor te bereiden en aan u te overhandigen tijdens de registratieprocedure.<\/li>\n<li>Uw bedrijf in te schrijven in het Bulgaarse handelsregister.<\/li>\n<li>U te helpen bij het openen van een noodzakelijke bankrekening.<\/li>\n<li>Het proces in te richten voor het ontvangen van het belasting- en btw-identificatienummer van de National Revenue Agency.<\/li>\n<\/ul>\n<\/div>[\/vc_column_inner][\/vc_row_inner][vc_column_text]Onze boekhoudafdeling staat klaar om u te helpen bij het beheren van uw financiering en het opstellen van alle benodigde rapporten zodat u zich uitsluitend op uw bedrijf kunt concentreren.[\/vc_column_text][vc_custom_heading text=&#8221;Aan de slag in Bulgarije&#8221; font_container=&#8221;tag:h2|font_size:22|text_align:left|line_height:32px&#8221; use_theme_fonts=&#8221;yes&#8221; css_animation=&#8221;fadeInDown&#8221; css=&#8221;.vc_custom_1657135856398{margin-top: 0px !important;}&#8221;][vc_column_text]We vertellen u graag meer over de zakelijke kansen die Bulgarije u kan bieden en helpen u graag bij het kiezen van de meest geschikte bedrijfsopstelling voor uw bedrijf.[\/vc_column_text][\/vc_column][\/vc_row][vc_row full_width=&#8221;stretch_row_content&#8221; equal_height=&#8221;yes&#8221; content_placement=&#8221;top&#8221; disable_element=&#8221;yes&#8221; css=&#8221;.vc_custom_1631651874639{margin-top: 0px !important;margin-bottom: 0px !important;padding-top: 0px !important;padding-bottom: 0px !important;background-position: center !important;background-repeat: no-repeat !important;background-size: cover !important;}&#8221;][vc_column width=&#8221;1\/2&#8243; disable_custom_paddings_mobile=&#8221;true&#8221; css=&#8221;.vc_custom_1540472832211{padding-top: 50px !important;padding-right: 50px !important;padding-bottom: 50px !important;padding-left: 50px !important;background-color: #282d3c !important;}&#8221; offset=&#8221;vc_col-lg-3 vc_col-md-6 vc_col-xs-12&#8243;][vc_column_text css_animation=&#8221;bottom-to-top&#8221;]<\/p>\n<div class=\"title-h1\"><span style=\"color: #ffffff;\">01<\/span><\/div>\n<p>[\/vc_column_text]<div class=\"clearboth\"><\/div><div class=\"gem-divider \" style=\"margin-top: 60px;\"><\/div>[vc_column_text css_animation=&#8221;bottom-to-top&#8221;]<\/p>\n<div class=\"title-h5\"><span style=\"color: #ffffff;\">FIGHT FOR JUSTICE<\/span><\/div>\n<p>[\/vc_column_text]<div class=\"clearboth\"><\/div><div class=\"gem-divider \" style=\"margin-top: -10px;\"><\/div>[vc_column_text css_animation=&#8221;bottom-to-top&#8221;]<span style=\"color: #ffffff;\">Lorem ipsum dolor sit ametcon sectetur adipisicing elit, sed doiusmod tempor incidi labore et dolore\u00a0agna aliqua proin gravida.<\/span>[\/vc_column_text][\/vc_column][vc_column width=&#8221;1\/2&#8243; disable_custom_paddings_mobile=&#8221;true&#8221; css=&#8221;.vc_custom_1540472836655{padding-top: 50px !important;padding-right: 50px !important;padding-bottom: 50px !important;padding-left: 50px !important;background-color: #4c5267 !important;}&#8221; offset=&#8221;vc_col-lg-3 vc_col-md-6 vc_col-xs-12&#8243;][vc_column_text css_animation=&#8221;bottom-to-top&#8221;]<\/p>\n<div class=\"title-h1\"><span style=\"color: #ffffff;\">02<\/span><\/div>\n<p>[\/vc_column_text]<div class=\"clearboth\"><\/div><div class=\"gem-divider \" style=\"margin-top: 60px;\"><\/div>[vc_column_text css_animation=&#8221;bottom-to-top&#8221;]<\/p>\n<div class=\"title-h5\"><span style=\"color: #ffffff;\">BEST CASE STRATEGY<\/span><\/div>\n<p>[\/vc_column_text]<div class=\"clearboth\"><\/div><div class=\"gem-divider \" style=\"margin-top: -10px;\"><\/div>[vc_column_text css_animation=&#8221;bottom-to-top&#8221;]<span style=\"color: #ffffff;\">Lorem ipsum dolor sit ametcon sectetur adipisicing elit, sed doiusmod tempor incidi labore et dolore\u00a0agna aliqua proin gravida.<\/span>[\/vc_column_text][\/vc_column][vc_column width=&#8221;1\/2&#8243; disable_custom_paddings_mobile=&#8221;true&#8221; css=&#8221;.vc_custom_1540472846459{padding-top: 50px !important;padding-right: 50px !important;padding-bottom: 50px !important;padding-left: 50px !important;background-color: #dba66d !important;}&#8221; offset=&#8221;vc_col-lg-3 vc_col-md-6 vc_col-xs-12&#8243;][vc_column_text css_animation=&#8221;bottom-to-top&#8221;]<\/p>\n<div class=\"title-h1\"><span style=\"color: #282d3c;\">03<\/span><\/div>\n<p>[\/vc_column_text]<div class=\"clearboth\"><\/div><div class=\"gem-divider \" style=\"margin-top: 60px;\"><\/div>[vc_column_text css_animation=&#8221;bottom-to-top&#8221;]<\/p>\n<div class=\"title-h5\"><span style=\"color: #282d3c;\">REVIEW DOCUMENTS<\/span><\/div>\n<p>[\/vc_column_text]<div class=\"clearboth\"><\/div><div class=\"gem-divider \" style=\"margin-top: -10px;\"><\/div>[vc_column_text css_animation=&#8221;bottom-to-top&#8221;]<span style=\"color: #282d3c;\">Lorem ipsum dolor sit ametcon sectetur adipisicing elit, sed doiusmod tempor incidi labore et dolore\u00a0agna aliqua proin gravida.<\/span>[\/vc_column_text][\/vc_column][vc_column width=&#8221;1\/2&#8243; disable_custom_paddings_mobile=&#8221;true&#8221; css=&#8221;.vc_custom_1540472851026{padding-top: 50px !important;padding-right: 50px !important;padding-bottom: 50px !important;padding-left: 50px !important;background-color: #e1c2a1 !important;}&#8221; offset=&#8221;vc_col-lg-3 vc_col-md-6 vc_col-xs-12&#8243;][vc_column_text css_animation=&#8221;bottom-to-top&#8221;]<\/p>\n<div class=\"title-h1\"><span style=\"color: #282d3c;\">04<\/span><\/div>\n<p>[\/vc_column_text]<div class=\"clearboth\"><\/div><div class=\"gem-divider \" style=\"margin-top: 60px;\"><\/div>[vc_column_text css_animation=&#8221;bottom-to-top&#8221;]<\/p>\n<div class=\"title-h5\"><span style=\"color: #282d3c;\">We achieve results<\/span><\/div>\n<p>[\/vc_column_text]<div class=\"clearboth\"><\/div><div class=\"gem-divider \" style=\"margin-top: -10px;\"><\/div>[vc_column_text css_animation=&#8221;bottom-to-top&#8221;]<span style=\"color: #282d3c;\">Lorem ipsum dolor sit ametcon sectetur adipisicing elit, sed doiusmod tempor incidi labore et dolore\u00a0agna aliqua proin gravida.<\/span>[\/vc_column_text][\/vc_column][\/vc_row][vc_row full_width=&#8221;stretch_row&#8221; css=&#8221;.vc_custom_1655380495490{margin-bottom: 0px !important;padding-top: 6px !important;background-color: #4e566c !important;background-position: center !important;background-repeat: no-repeat !important;background-size: cover !important;}&#8221; custom_css_code=&#8221;LmdlbS1idXR0b24tc2l6ZS1tZWRpdW0lMkMlMjBpbnB1dC5nZW0tYnV0dG9uLXNpemUtbWVkaXVtJTIwJTdCJTBBJTIwJTIwJTIwJTIwJTBBJTIwJTIwJTIwJTIwbWFyZ2luJTNBJTIwMHB4JTNCJTBBJTIwJTIwJTIwJTIwJTIwJTIwJTIwJTIwbWFyZ2luLXJpZ2h0JTNBJTIwMHB4JTNCJTBBJTIwJTIwJTIwJTIwJTIwJTIwJTIwJTIwbWFyZ2luLWxlZnQlM0ElMjAwcHglM0IlMEElN0QlMEElMEFoMiUyQyUyMC50aXRsZS1oMiUyMCU3QiUwQSUyMCUyMCUyMCUyMHRleHQtdHJhbnNmb3JtJTNBJTIwdXBwZXJjYXNlJTNCJTBBJTIwJTIwJTIwJTIwbWFyZ2luJTNBJTIwMCUzQiUwQSUyMCUyMCUyMCUyMCUyMCUyMCUwQSUyMCUyMCUyMCUwQSU3RCUwQSUwQSUwQSUwQQ==&#8221;][vc_column width=&#8221;3\/4&#8243;][vc_custom_heading text=&#8221;Neem hieronder contact met ons op om een vrijblijvend 1:1 adviesafspraak met ons te maken. Ons deskundige team staat voor u klaar om al uw vragen te beantwoorden.&#8221; font_container=&#8221;tag:h2|font_size:18|text_align:left|color:%23ffffff|line_height:28px&#8221; use_theme_fonts=&#8221;yes&#8221; css=&#8221;.vc_custom_1657135938062{padding-bottom: 10px !important;}&#8221;][\/vc_column][vc_column width=&#8221;1\/4&#8243; css=&#8221;.vc_custom_1632825725653{padding-top: 10px !important;}&#8221;]<div class=\"gem-button-container gem-button-position-left thegem-button-69fdde40716ad4449\" ><a class=\"gem-button gem-button-size-medium gem-button-style-flat gem-button-text-weight-normal\" style=\"border-radius: 3px;background-color: #e5790d;color: #ffffff;\" onmouseleave=\"this.style.backgroundColor='#e5790d';this.style.color='#ffffff';\" onmouseenter=\"this.style.backgroundColor='#ffffff';this.style.color='#e5790d';\" href=\"https:\/\/sr-management.bg\/nl\/contacts\/\" target=\"_self\">Contacteer Ons<\/a><\/div> [\/vc_column][\/vc_row]<\/p>\n<\/div>","protected":false},"excerpt":{"rendered":"<p>[vc_row full_width=&#8221;stretch_row&#8221; content_placement=&#8221;middle&#8221; css=&#8221;.vc_custom_1655071810324{margin-top: 0px !important;margin-bottom: 0px !important;padding-top: 20px !important;padding-bottom: 30px !important;background-color: #f1f2f4 !important;}&#8221;][vc_column offset=&#8221;vc_col-lg-6 vc_col-md-6 vc_col-xs-12&#8243;][vc_column_text css_animation=&#8221;bottom-to-top&#8221; css=&#8221;.vc_custom_1657135382506{margin-top: 0px&#8230;<\/p>\n","protected":false},"author":1,"featured_media":0,"parent":0,"menu_order":0,"comment_status":"closed","ping_status":"closed","template":"","meta":{"content-type":"","footnotes":""},"class_list":["post-12173","page","type-page","status-publish"],"_links":{"self":[{"href":"https:\/\/sr-management.bg\/nl\/wp-json\/wp\/v2\/pages\/12173","targetHints":{"allow":["GET"]}}],"collection":[{"href":"https:\/\/sr-management.bg\/nl\/wp-json\/wp\/v2\/pages"}],"about":[{"href":"https:\/\/sr-management.bg\/nl\/wp-json\/wp\/v2\/types\/page"}],"author":[{"embeddable":true,"href":"https:\/\/sr-management.bg\/nl\/wp-json\/wp\/v2\/users\/1"}],"replies":[{"embeddable":true,"href":"https:\/\/sr-management.bg\/nl\/wp-json\/wp\/v2\/comments?post=12173"}],"version-history":[{"count":9,"href":"https:\/\/sr-management.bg\/nl\/wp-json\/wp\/v2\/pages\/12173\/revisions"}],"predecessor-version":[{"id":12174,"href":"https:\/\/sr-management.bg\/nl\/wp-json\/wp\/v2\/pages\/12173\/revisions\/12174"}],"wp:attachment":[{"href":"https:\/\/sr-management.bg\/nl\/wp-json\/wp\/v2\/media?parent=12173"}],"curies":[{"name":"wp","href":"https:\/\/api.w.org\/{rel}","templated":true}]}}